{"id":3027,"date":"2023-04-26T09:49:15","date_gmt":"2023-04-26T09:49:15","guid":{"rendered":"https:\/\/incofis.com\/politica-privacidad\/"},"modified":"2023-09-19T09:04:48","modified_gmt":"2023-09-19T09:04:48","slug":"politica-privacidad","status":"publish","type":"page","link":"https:\/\/incofis.com\/en\/politica-privacidad\/","title":{"rendered":"Privacy Policy"},"content":{"rendered":"<p>En cumplimiento del Reglamento (UE) 2016\/679 del Parlamento Europeo y del Consejo de 27 de abril de 2016, relativo a la protecci\u00f3n de las personas f\u00edsicas en lo que respecta al tratamiento de datos personales y a la libre circulaci\u00f3n de estos datos y en la legislaci\u00f3n nacional de desarrollo del mismo, el USUARIO, por el hecho de remitir sus datos de car\u00e1cter personal a trav\u00e9s de correo electr\u00f3nico o rellenando cualquier formulario de este PORTAL, consiente a Incofis Recursos Humanos S.L. su tratamiento conforme a la presente pol\u00edtica de protecci\u00f3n de datos.<\/p>\n<p>Los datos pasar\u00e1n a formar parte de los ficheros de Incofis Recursos Humanos S.L. para atender las peticiones que realice el USUARIO y, en su caso, el env\u00edo de comunicaciones informativas sobre sus diversas actividades (convocatorias a eventos, cambios legislativos, nuevos servicios, ofertas de formaci\u00f3n, etc).<\/p>\n<p><strong>Identidad del responsable de tratamiento<\/strong><\/p>\n<p>Incofis Recursos Humanos S.L.<br \/>\nB88555222<br \/>\nAvda. Reyes Cat\u00f3licos, 6 2\u00ba 13B, Majadahonda, 28220 \u2013 Madrid (Spain)<\/p>\n<p><strong>Finalidad<\/strong><\/p>\n<p>Sus datos se recopilan con el objetivo de gestionar sus relaciones comerciales con nuestra empresa seg\u00fan constan en el contrato.<br \/>\nSus datos se conservar\u00e1n hasta la extinci\u00f3n de la relaci\u00f3n contractual con Incofis Recursos Humanos S.L.<br \/>\nNo se realizar\u00e1n tratamientos automatizados de datos ni se proceder\u00e1 a la elaboraci\u00f3n de perfiles.<\/p>\n<p><strong>Legitimaci\u00f3n jur\u00eddica del tratamiento<\/strong><\/p>\n<p>El tratamiento de datos est\u00e1 legitimado por la ejecuci\u00f3n del contrato y por el cumplimiento de los deberes de conservaci\u00f3n de informaci\u00f3n en materia fiscal y mercantil.<br \/>\nEn caso de no aceptar el tratamiento el contrato quedar\u00e1 extinguido al no poder llevarse a t\u00e9rmino.<\/p>\n<p><strong>Destinatarios<\/strong><\/p>\n<p>Sus datos podr\u00e1n ser comunicados a terceras empresas con el objetivo de dar cumplimiento al contrato.<br \/>\nNo se contemplan cesiones de datos a terceros pa\u00edses.<\/p>\n<p><strong>Derechos<\/strong><\/p>\n<p>Puede ejercitar sus derechos de acceso, rectificaci\u00f3n, supresi\u00f3n, limitaci\u00f3n y portabilidad mediante correo electr\u00f3nico a: info@incofis.com<br \/>\nUsted tiene derecho a retirar el consentimiento de tratamiento prestado.<br \/>\nUsted tiene derecho a reclamar ante la autoridad de control.<\/p>\n<p>El presente Aviso Legal de los servicios ofrecidos en esta URL (en adelante el PORTAL) es suscrito, por Incofis Recursos Humanos S.L., titular de dicha URL, con C.I.F. n\u00fam. B88555222, con domicilio social en Avda. Reyes Cat\u00f3licos, 6 2\u00ba 13B, Majadahonda, 28220 \u2013 Madrid (Spain).<\/p>\n<p>En cualquier momento, el interesado podr\u00e1 guardar o imprimir este Aviso Legal y se aconseja al usuario hacerlo. Y, de otra parte, el USUARIO, quien navega a trav\u00e9s del portal y puede, si as\u00ed lo desea, enviar un e-mail a la direcci\u00f3n electr\u00f3nica info@incofis.com, siendo los datos facilitados a trav\u00e9s de ese correo electr\u00f3nico, utilizados \u00fanicamente para atender las solicitudes que realice el USUARIO. Para la utilizaci\u00f3n del presente PORTAL es requerida la aceptaci\u00f3n expresa por el USUARIO de todas y cada una de las cl\u00e1usulas del presente Aviso Legal. En caso de no aceptar el presente Aviso Legal, el USUARIO deber\u00e1 abstenerse de acceder y\/o utilizar los servicios ofertados por EMPRESA, debiendo a abandonar el PORTAL<\/p>\n<p><strong>Definiciones<\/strong><\/p>\n<p><strong>Usuario:<\/strong> Persona f\u00edsica o jur\u00eddica que visita el PORTAL y hace uso de sus servicios, pudiendo remitir solicitudes de informaci\u00f3n a trav\u00e9s de la direcci\u00f3n de correo electr\u00f3nica facilitada en el portal.<\/p>\n<p>Datos de car\u00e1cter personal: cualquier informaci\u00f3n concerniente a personas f\u00edsicas identificadas o identificables que pudieran facilitar los usuarios en caso de enviar un e-mail a la direcci\u00f3n general de correo electr\u00f3nico del portal.<\/p>\n<p><strong>Cookies:<\/strong> cadena de texto que se instala en el disco duro del ordenador del Usuario y cada vez que el mismo accede al Portal env\u00eda informaci\u00f3n que se utilizar\u00e1 para identificar a dicho usuario y sus preferencias de navegaci\u00f3n.<\/p>\n<p><strong>Objeto y definici\u00f3n de los servicios<\/strong><\/p>\n<p>EMPRESA es un PORTAL de Internet cuya actividad principal consiste en ofrecer informaci\u00f3n sobre los servicios propios de su actividad, as\u00ed como informaci\u00f3n sobre la compa\u00f1\u00eda. A trav\u00e9s del Portal, los USUARIOS acceden a los diversos contenidos puestos a su disposici\u00f3n a trav\u00e9s de este medio. De este modo, el PORTAL se configura como un instrumento de presentaci\u00f3n y difusi\u00f3n de los servicios de EMPRESA. Por tanto, las cl\u00e1usulas del presente Aviso Legal ser\u00e1n de aplicaci\u00f3n a todos los servicios ofrecidos en la web. Las caracter\u00edsticas de cada uno de estos servicios vienen determinadas en el PORTAL. No obstante lo anterior, EMPRESA se reserva el derecho a proceder a la modificaci\u00f3n de las circunstancias y condiciones del servicio, sin previo aviso al usuario y siempre que estas no afecten a la naturaleza de la relaci\u00f3n jur\u00eddica mantenida y al presente Aviso Legal<\/p>\n<p><strong>Usuarios y servicios ofrecidos en el portal<\/strong><\/p>\n<p>El PORTAL presenta servicios abiertos a la totalidad de los usuarios que lo visita. Los citados usuarios s\u00f3lo est\u00e1n autorizados al uso del PORTAL previa aceptaci\u00f3n y cumplimiento de las condiciones aqu\u00ed recogidas y deber\u00e1n abandonar el web site en caso contrario. El uso de estos servicios de informaci\u00f3n es gratuito.<\/p>\n<p><strong>Responsabilidades<\/strong><\/p>\n<p><strong>Del portal:<\/strong><\/p>\n<p>No se har\u00e1 responsable, directa ni subsidiariamente de: La calidad del servicio, la velocidad de acceso, el correcto funcionamiento ni la disponibilidad ni continuidad de funcionamiento del portal. Los da\u00f1os que puedan causarse en los equipos del usuario por la utilizaci\u00f3n del portal. El incumplimiento de la ley, la moral y las buenas costumbres generalmente aceptadas o el orden p\u00fablico como consecuencia de la transmisi\u00f3n, difusi\u00f3n, almacenamiento, puesta a disposici\u00f3n, recepci\u00f3n, obtenci\u00f3n o acceso a los contenidos. Los vicios y defectos de toda clase de los contenidos transmitidos, difundidos, almacenados o puestos a disposici\u00f3n. De la desactualizaci\u00f3n de los datos facilitados por el USUARIO, as\u00ed como de la facilitaci\u00f3n de datos err\u00f3neos o no veraces facilitados haciendo uso de los servicios del PORTAL. Si EMPRESA llevara a cabo un cambio en las presentes cl\u00e1usulas que a\u00fan no hubieran sido informados en el web site, se notificar\u00e1 a los USUARIOS en el plazo m\u00e1s breve posible por comunicaci\u00f3n personal o a trav\u00e9s de la actualizaci\u00f3n de los contenidos del PORTAL.<\/p>\n<p><strong>Del usuario\/USUARIO:<\/strong><\/p>\n<p>El USUARIO ser\u00e1 responsable: De los contenidos introducidos por ellos, especialmente de los datos e informaciones introducidos y enviados a EMPRESA. De la realizaci\u00f3n de cualquier tipo de actuaci\u00f3n il\u00edcita, lesiva de derechos, nociva y\/o perjudicial. De la introducci\u00f3n, almacenamiento o difusi\u00f3n en o desde el PORTAL, de cualquier informaci\u00f3n o material que fuera difamatorio, injurioso, obsceno, amenazador, xen\u00f3fobo, incite a la violencia a la discriminaci\u00f3n por raz\u00f3n de raza, sexo, ideolog\u00eda, religi\u00f3n o que de cualquier forma atente contra la moral, el orden p\u00fablico, los derechos fundamentales, las libertas p\u00fablicas, el honor, la intimidad ola imagen de terceros y, en general, la normativa vigente. De la introducci\u00f3n almacenamiento o difusi\u00f3n mediante el PORTAL de programas de ordenador, datos, virus, c\u00f3digo, equipo de hardware o de telecomunicaciones o cualquier otro instrumento o dispositivo electr\u00f3nico o f\u00edsico que sea susceptible de causar da\u00f1os en el PORTAL, en cualquiera de los Servicios, o en cualquiera de los equipos, sistemas o redes del PORTAL o, en general, de cualquier tercero, o que, de cualquier otra forma, sea capaz de causarles cualquier tipo de alteraci\u00f3n o impedir el normal funcionamiento de los mismos.<\/p>\n<p><strong>Propiedad intelectual industrial<\/strong><\/p>\n<p>El texto, im\u00e1genes, marcas, gr\u00e1ficos y logotipos del portal se encuentran protegidos por las leyes sobre Propiedad Intelectual e Industrial, quedando prohibida su reproducci\u00f3n, distribuci\u00f3n, comunicaci\u00f3n p\u00fablica y transformaci\u00f3n, salvo para uso personal y privado. El PORTAL no garantiza que los contenidos sean precisos o libres de error o que el libre uso de los mismos por el usuario no infrinja los derechos de terceras partes. El buen o mal uso de esta Web y de sus contenidos esta bajo la responsabilidad del usuario. Asimismo, queda prohibida la reproducci\u00f3n, retransmisi\u00f3n, copia, cesi\u00f3n o redifusi\u00f3n, total o parcial, de la informaci\u00f3n contenida en estas p\u00e1ginas, cualquiera que fuera su finalidad y el medio utilizado para ello, as\u00ed como de los productos adquiridos a trav\u00e9s del web site<\/p>\n<p><strong>Uso de tecnolog\u00eda cookie<\/strong><\/p>\n<p>EMPRESA se reserva el derecho de utilizaci\u00f3n de las denominadas \u201ccookies\u201d, en cualquier tipo de utilizaci\u00f3n del Portal. No obstante, se informa a los Usuarios de la posibilidad de desechar esa utilizaci\u00f3n en su ordenador.<\/p>\n<p><strong>Enlaces o links<\/strong><\/p>\n<p>El PORTAL puede incluir enlaces o links a sitios de terceros. Las antedichas webs no han sido revisadas ni son objeto de controles sobre los mismos por el PORTAL. EMPRESA no podr\u00e1 ser considerada en ning\u00fan caso responsable de los contenidos de estos sitios Web ni de las medidas que se adopten relativas a su privacidad o al tratamiento de sus datos de car\u00e1cter personal. EMPRESA recomienda la lectura detenida de las condiciones de uso y la pol\u00edtica de privacidad de estos sitios. En caso de que usted est\u00e9 interesado en activar un enlace a nuestra p\u00e1gina web deber\u00e1 comunicarlo a EMPRESA, obteniendo el consentimiento expreso para crear el enlace. EMPRESA se reserva el derecho de oposici\u00f3n a la activaci\u00f3n de enlaces con su sitio Web.<\/p>\n<p><strong>Fuero<\/strong><\/p>\n<p>Las cl\u00e1usulas del presente Aviso Legal est\u00e1n redactadas en espa\u00f1ol, y se encuentran sometidas a la legislaci\u00f3n espa\u00f1ola vigente. Para cualquier tipo de controversia derivada de la utilizaci\u00f3n de los servicios ofrecidos o productos ofertados en el PORTAL, las partes, con la aceptaci\u00f3n de \u00e9ste Aviso Legal, se someter\u00e1n a los Tribunales y Juzgados competentes de Madrid, salvo que una Ley establezca un fuero diferente, en atenci\u00f3n a la naturaleza de la relaci\u00f3n.<\/p>\n","protected":false},"excerpt":{"rendered":"<p>En cumplimiento del Reglamento (UE) 2016\/679 del Parlamento Europeo y del Consejo de 27 de abril de 2016, relativo a la protecci\u00f3n de las personas f\u00edsicas en lo que respecta al tratamiento de datos personales y a la libre circulaci\u00f3n de estos datos y en la legislaci\u00f3n nacional de desarrollo del mismo, el USUARIO, por [&hellip;]<\/p>\n","protected":false},"author":1,"featured_media":0,"parent":0,"menu_order":0,"comment_status":"closed","ping_status":"open","template":"","meta":{"footnotes":""},"class_list":["post-3027","page","type-page","status-publish","hentry"],"yoast_head":"<!-- This site is optimized with the Yoast SEO plugin v27.3 - https:\/\/yoast.com\/product\/yoast-seo-wordpress\/ -->\n<title>Privacy Policy - Incofis.com<\/title>\n<meta name=\"robots\" content=\"index, follow, max-snippet:-1, max-image-preview:large, max-video-preview:-1\" \/>\n<link rel=\"canonical\" href=\"https:\/\/incofis.com\/en\/politica-privacidad\/\" \/>\n<meta property=\"og:locale\" content=\"en_US\" \/>\n<meta property=\"og:type\" content=\"article\" \/>\n<meta property=\"og:title\" content=\"Privacy Policy - Incofis.com\" \/>\n<meta property=\"og:description\" content=\"En cumplimiento del Reglamento (UE) 2016\/679 del Parlamento Europeo y del Consejo de 27 de abril de 2016, relativo a la protecci\u00f3n de las personas f\u00edsicas en lo que respecta al tratamiento de datos personales y a la libre circulaci\u00f3n de estos datos y en la legislaci\u00f3n nacional de desarrollo del mismo, el USUARIO, por [&hellip;]\" \/>\n<meta property=\"og:url\" content=\"https:\/\/incofis.com\/en\/politica-privacidad\/\" \/>\n<meta property=\"og:site_name\" content=\"Incofis.com\" \/>\n<meta property=\"article:modified_time\" content=\"2023-09-19T09:04:48+00:00\" \/>\n<meta name=\"twitter:card\" content=\"summary_large_image\" \/>\n<meta name=\"twitter:site\" content=\"@incofis\" \/>\n<meta name=\"twitter:label1\" content=\"Est. reading time\" \/>\n\t<meta name=\"twitter:data1\" content=\"8 minutes\" \/>\n<script type=\"application\/ld+json\" class=\"yoast-schema-graph\">{\"@context\":\"https:\\\/\\\/schema.org\",\"@graph\":[{\"@type\":\"WebPage\",\"@id\":\"https:\\\/\\\/incofis.com\\\/en\\\/politica-privacidad\\\/\",\"url\":\"https:\\\/\\\/incofis.com\\\/en\\\/politica-privacidad\\\/\",\"name\":\"Privacy Policy - Incofis.com\",\"isPartOf\":{\"@id\":\"https:\\\/\\\/incofis.com\\\/#website\"},\"datePublished\":\"2023-04-26T09:49:15+00:00\",\"dateModified\":\"2023-09-19T09:04:48+00:00\",\"breadcrumb\":{\"@id\":\"https:\\\/\\\/incofis.com\\\/en\\\/politica-privacidad\\\/#breadcrumb\"},\"inLanguage\":\"en-US\",\"potentialAction\":[{\"@type\":\"ReadAction\",\"target\":[\"https:\\\/\\\/incofis.com\\\/en\\\/politica-privacidad\\\/\"]}]},{\"@type\":\"BreadcrumbList\",\"@id\":\"https:\\\/\\\/incofis.com\\\/en\\\/politica-privacidad\\\/#breadcrumb\",\"itemListElement\":[{\"@type\":\"ListItem\",\"position\":1,\"name\":\"Portada\",\"item\":\"https:\\\/\\\/incofis.com\\\/en\\\/\"},{\"@type\":\"ListItem\",\"position\":2,\"name\":\"Privacy Policy\"}]},{\"@type\":\"WebSite\",\"@id\":\"https:\\\/\\\/incofis.com\\\/#website\",\"url\":\"https:\\\/\\\/incofis.com\\\/\",\"name\":\"Incofis.com\",\"description\":\"\",\"publisher\":{\"@id\":\"https:\\\/\\\/incofis.com\\\/#organization\"},\"potentialAction\":[{\"@type\":\"SearchAction\",\"target\":{\"@type\":\"EntryPoint\",\"urlTemplate\":\"https:\\\/\\\/incofis.com\\\/?s={search_term_string}\"},\"query-input\":{\"@type\":\"PropertyValueSpecification\",\"valueRequired\":true,\"valueName\":\"search_term_string\"}}],\"inLanguage\":\"en-US\"},{\"@type\":\"Organization\",\"@id\":\"https:\\\/\\\/incofis.com\\\/#organization\",\"name\":\"Incofis\",\"alternateName\":\"Incofis.com\",\"url\":\"https:\\\/\\\/incofis.com\\\/\",\"logo\":{\"@type\":\"ImageObject\",\"inLanguage\":\"en-US\",\"@id\":\"https:\\\/\\\/incofis.com\\\/#\\\/schema\\\/logo\\\/image\\\/\",\"url\":\"https:\\\/\\\/incofis.com\\\/wp-content\\\/uploads\\\/2023\\\/07\\\/incofis.jpg\",\"contentUrl\":\"https:\\\/\\\/incofis.com\\\/wp-content\\\/uploads\\\/2023\\\/07\\\/incofis.jpg\",\"width\":696,\"height\":696,\"caption\":\"Incofis\"},\"image\":{\"@id\":\"https:\\\/\\\/incofis.com\\\/#\\\/schema\\\/logo\\\/image\\\/\"},\"sameAs\":[\"https:\\\/\\\/x.com\\\/incofis\",\"https:\\\/\\\/www.instagram.com\\\/incofis_spain\\\/\",\"https:\\\/\\\/es.linkedin.com\\\/company\\\/incofis\"]}]}<\/script>\n<!-- \/ Yoast SEO plugin. -->","yoast_head_json":{"title":"Privacy Policy - Incofis.com","robots":{"index":"index","follow":"follow","max-snippet":"max-snippet:-1","max-image-preview":"max-image-preview:large","max-video-preview":"max-video-preview:-1"},"canonical":"https:\/\/incofis.com\/en\/politica-privacidad\/","og_locale":"en_US","og_type":"article","og_title":"Privacy Policy - Incofis.com","og_description":"En cumplimiento del Reglamento (UE) 2016\/679 del Parlamento Europeo y del Consejo de 27 de abril de 2016, relativo a la protecci\u00f3n de las personas f\u00edsicas en lo que respecta al tratamiento de datos personales y a la libre circulaci\u00f3n de estos datos y en la legislaci\u00f3n nacional de desarrollo del mismo, el USUARIO, por [&hellip;]","og_url":"https:\/\/incofis.com\/en\/politica-privacidad\/","og_site_name":"Incofis.com","article_modified_time":"2023-09-19T09:04:48+00:00","twitter_card":"summary_large_image","twitter_site":"@incofis","twitter_misc":{"Est. reading time":"8 minutes"},"schema":{"@context":"https:\/\/schema.org","@graph":[{"@type":"WebPage","@id":"https:\/\/incofis.com\/en\/politica-privacidad\/","url":"https:\/\/incofis.com\/en\/politica-privacidad\/","name":"Privacy Policy - Incofis.com","isPartOf":{"@id":"https:\/\/incofis.com\/#website"},"datePublished":"2023-04-26T09:49:15+00:00","dateModified":"2023-09-19T09:04:48+00:00","breadcrumb":{"@id":"https:\/\/incofis.com\/en\/politica-privacidad\/#breadcrumb"},"inLanguage":"en-US","potentialAction":[{"@type":"ReadAction","target":["https:\/\/incofis.com\/en\/politica-privacidad\/"]}]},{"@type":"BreadcrumbList","@id":"https:\/\/incofis.com\/en\/politica-privacidad\/#breadcrumb","itemListElement":[{"@type":"ListItem","position":1,"name":"Portada","item":"https:\/\/incofis.com\/en\/"},{"@type":"ListItem","position":2,"name":"Privacy Policy"}]},{"@type":"WebSite","@id":"https:\/\/incofis.com\/#website","url":"https:\/\/incofis.com\/","name":"Incofis.com","description":"","publisher":{"@id":"https:\/\/incofis.com\/#organization"},"potentialAction":[{"@type":"SearchAction","target":{"@type":"EntryPoint","urlTemplate":"https:\/\/incofis.com\/?s={search_term_string}"},"query-input":{"@type":"PropertyValueSpecification","valueRequired":true,"valueName":"search_term_string"}}],"inLanguage":"en-US"},{"@type":"Organization","@id":"https:\/\/incofis.com\/#organization","name":"Incofis","alternateName":"Incofis.com","url":"https:\/\/incofis.com\/","logo":{"@type":"ImageObject","inLanguage":"en-US","@id":"https:\/\/incofis.com\/#\/schema\/logo\/image\/","url":"https:\/\/incofis.com\/wp-content\/uploads\/2023\/07\/incofis.jpg","contentUrl":"https:\/\/incofis.com\/wp-content\/uploads\/2023\/07\/incofis.jpg","width":696,"height":696,"caption":"Incofis"},"image":{"@id":"https:\/\/incofis.com\/#\/schema\/logo\/image\/"},"sameAs":["https:\/\/x.com\/incofis","https:\/\/www.instagram.com\/incofis_spain\/","https:\/\/es.linkedin.com\/company\/incofis"]}]}},"_links":{"self":[{"href":"https:\/\/incofis.com\/en\/wp-json\/wp\/v2\/pages\/3027","targetHints":{"allow":["GET"]}}],"collection":[{"href":"https:\/\/incofis.com\/en\/wp-json\/wp\/v2\/pages"}],"about":[{"href":"https:\/\/incofis.com\/en\/wp-json\/wp\/v2\/types\/page"}],"author":[{"embeddable":true,"href":"https:\/\/incofis.com\/en\/wp-json\/wp\/v2\/users\/1"}],"replies":[{"embeddable":true,"href":"https:\/\/incofis.com\/en\/wp-json\/wp\/v2\/comments?post=3027"}],"version-history":[{"count":2,"href":"https:\/\/incofis.com\/en\/wp-json\/wp\/v2\/pages\/3027\/revisions"}],"predecessor-version":[{"id":3030,"href":"https:\/\/incofis.com\/en\/wp-json\/wp\/v2\/pages\/3027\/revisions\/3030"}],"wp:attachment":[{"href":"https:\/\/incofis.com\/en\/wp-json\/wp\/v2\/media?parent=3027"}],"curies":[{"name":"wp","href":"https:\/\/api.w.org\/{rel}","templated":true}]}}