{"id":3024,"date":"2023-05-17T08:09:04","date_gmt":"2023-05-17T08:09:04","guid":{"rendered":"https:\/\/incofis.com\/politica-de-cookies\/"},"modified":"2023-09-19T09:03:33","modified_gmt":"2023-09-19T09:03:33","slug":"politica-de-cookies","status":"publish","type":"page","link":"https:\/\/incofis.com\/en\/politica-de-cookies\/","title":{"rendered":"Cookie Policy"},"content":{"rendered":"<p><strong>Al pulsar el bot\u00f3n \u201cEntendido\u201d, est\u00e1 aceptando el uso de nuestras cookies.<\/strong><\/p>\n<p>La p\u00e1gina web de INCOFIS utiliza Google Analytics, un servicio desarrollada por Google que permite la medici\u00f3n y an\u00e1lisis de la navegaci\u00f3n en las p\u00e1ginas web. En su navegador podr\u00e1 observar cookies de este servicio. Se trata de cookies propias, de sesi\u00f3n y de an\u00e1lisis.<\/p>\n<p>A trav\u00e9s de la anal\u00edtica web se obtiene informaci\u00f3n relativa al n\u00famero de usuarios que acceden a la web, p\u00e1ginas vistas, frecuencia y repetici\u00f3n de las visitas, duraci\u00f3n, el navegador utilizado, el operador que presta el servicio, el idioma, el terminal y la ciudad a la que est\u00e1 asignada su direcci\u00f3n IP. Informaci\u00f3n que posibilita un mejor y m\u00e1s apropiado servicio por parte de INCOFIS.<br \/>\nPara garantizar el anonimato, Google convertir\u00e1 su informaci\u00f3n en an\u00f3nima truncando la direcci\u00f3n IP antes de almacenarla, de forma que Google Analytics no se usa para localizar o recabar informaci\u00f3n personal identificable de los visitantes del sitio. Google solo enviar\u00e1 la informaci\u00f3n recabada a terceros cuanto est\u00e9 legalmente obligado a ello. Google no asociar\u00e1 su direcci\u00f3n IP a ning\u00fan otro dato.<\/p>\n<p>La restricci\u00f3n, bloqueo o eliminaci\u00f3n de las cookies es diferente en cada navegador por lo que la funci\u00f3n \u201cAyuda\u201d le mostrar\u00e1 c\u00f3mo hacerlo.<\/p>\n","protected":false},"excerpt":{"rendered":"<p>Al pulsar el bot\u00f3n \u201cEntendido\u201d, est\u00e1 aceptando el uso de nuestras cookies. La p\u00e1gina web de INCOFIS utiliza Google Analytics, un servicio desarrollada por Google que permite la medici\u00f3n y an\u00e1lisis de la navegaci\u00f3n en las p\u00e1ginas web. En su navegador podr\u00e1 observar cookies de este servicio. Se trata de cookies propias, de sesi\u00f3n y [&hellip;]<\/p>\n","protected":false},"author":1,"featured_media":0,"parent":0,"menu_order":0,"comment_status":"closed","ping_status":"open","template":"","meta":{"footnotes":""},"class_list":["post-3024","page","type-page","status-publish","hentry"],"yoast_head":"<!-- This site is optimized with the Yoast SEO plugin v27.3 - https:\/\/yoast.com\/product\/yoast-seo-wordpress\/ -->\n<title>Cookie Policy - Incofis.com<\/title>\n<meta name=\"robots\" content=\"index, follow, max-snippet:-1, max-image-preview:large, max-video-preview:-1\" \/>\n<link rel=\"canonical\" href=\"https:\/\/incofis.com\/en\/politica-de-cookies\/\" \/>\n<meta property=\"og:locale\" content=\"en_US\" \/>\n<meta property=\"og:type\" content=\"article\" \/>\n<meta property=\"og:title\" content=\"Cookie Policy - Incofis.com\" \/>\n<meta property=\"og:description\" content=\"Al pulsar el bot\u00f3n \u201cEntendido\u201d, est\u00e1 aceptando el uso de nuestras cookies. La p\u00e1gina web de INCOFIS utiliza Google Analytics, un servicio desarrollada por Google que permite la medici\u00f3n y an\u00e1lisis de la navegaci\u00f3n en las p\u00e1ginas web. En su navegador podr\u00e1 observar cookies de este servicio. Se trata de cookies propias, de sesi\u00f3n y [&hellip;]\" \/>\n<meta property=\"og:url\" content=\"https:\/\/incofis.com\/en\/politica-de-cookies\/\" \/>\n<meta property=\"og:site_name\" content=\"Incofis.com\" \/>\n<meta property=\"article:modified_time\" content=\"2023-09-19T09:03:33+00:00\" \/>\n<meta name=\"twitter:card\" content=\"summary_large_image\" \/>\n<meta name=\"twitter:site\" content=\"@incofis\" \/>\n<meta name=\"twitter:label1\" content=\"Est. reading time\" \/>\n\t<meta name=\"twitter:data1\" content=\"1 minute\" \/>\n<script type=\"application\/ld+json\" class=\"yoast-schema-graph\">{\"@context\":\"https:\\\/\\\/schema.org\",\"@graph\":[{\"@type\":\"WebPage\",\"@id\":\"https:\\\/\\\/incofis.com\\\/en\\\/politica-de-cookies\\\/\",\"url\":\"https:\\\/\\\/incofis.com\\\/en\\\/politica-de-cookies\\\/\",\"name\":\"Cookie Policy - Incofis.com\",\"isPartOf\":{\"@id\":\"https:\\\/\\\/incofis.com\\\/#website\"},\"datePublished\":\"2023-05-17T08:09:04+00:00\",\"dateModified\":\"2023-09-19T09:03:33+00:00\",\"breadcrumb\":{\"@id\":\"https:\\\/\\\/incofis.com\\\/en\\\/politica-de-cookies\\\/#breadcrumb\"},\"inLanguage\":\"en-US\",\"potentialAction\":[{\"@type\":\"ReadAction\",\"target\":[\"https:\\\/\\\/incofis.com\\\/en\\\/politica-de-cookies\\\/\"]}]},{\"@type\":\"BreadcrumbList\",\"@id\":\"https:\\\/\\\/incofis.com\\\/en\\\/politica-de-cookies\\\/#breadcrumb\",\"itemListElement\":[{\"@type\":\"ListItem\",\"position\":1,\"name\":\"Portada\",\"item\":\"https:\\\/\\\/incofis.com\\\/en\\\/\"},{\"@type\":\"ListItem\",\"position\":2,\"name\":\"Cookie Policy\"}]},{\"@type\":\"WebSite\",\"@id\":\"https:\\\/\\\/incofis.com\\\/#website\",\"url\":\"https:\\\/\\\/incofis.com\\\/\",\"name\":\"Incofis.com\",\"description\":\"\",\"publisher\":{\"@id\":\"https:\\\/\\\/incofis.com\\\/#organization\"},\"potentialAction\":[{\"@type\":\"SearchAction\",\"target\":{\"@type\":\"EntryPoint\",\"urlTemplate\":\"https:\\\/\\\/incofis.com\\\/?s={search_term_string}\"},\"query-input\":{\"@type\":\"PropertyValueSpecification\",\"valueRequired\":true,\"valueName\":\"search_term_string\"}}],\"inLanguage\":\"en-US\"},{\"@type\":\"Organization\",\"@id\":\"https:\\\/\\\/incofis.com\\\/#organization\",\"name\":\"Incofis\",\"alternateName\":\"Incofis.com\",\"url\":\"https:\\\/\\\/incofis.com\\\/\",\"logo\":{\"@type\":\"ImageObject\",\"inLanguage\":\"en-US\",\"@id\":\"https:\\\/\\\/incofis.com\\\/#\\\/schema\\\/logo\\\/image\\\/\",\"url\":\"https:\\\/\\\/incofis.com\\\/wp-content\\\/uploads\\\/2023\\\/07\\\/incofis.jpg\",\"contentUrl\":\"https:\\\/\\\/incofis.com\\\/wp-content\\\/uploads\\\/2023\\\/07\\\/incofis.jpg\",\"width\":696,\"height\":696,\"caption\":\"Incofis\"},\"image\":{\"@id\":\"https:\\\/\\\/incofis.com\\\/#\\\/schema\\\/logo\\\/image\\\/\"},\"sameAs\":[\"https:\\\/\\\/x.com\\\/incofis\",\"https:\\\/\\\/www.instagram.com\\\/incofis_spain\\\/\",\"https:\\\/\\\/es.linkedin.com\\\/company\\\/incofis\"]}]}<\/script>\n<!-- \/ Yoast SEO plugin. -->","yoast_head_json":{"title":"Cookie Policy - Incofis.com","robots":{"index":"index","follow":"follow","max-snippet":"max-snippet:-1","max-image-preview":"max-image-preview:large","max-video-preview":"max-video-preview:-1"},"canonical":"https:\/\/incofis.com\/en\/politica-de-cookies\/","og_locale":"en_US","og_type":"article","og_title":"Cookie Policy - Incofis.com","og_description":"Al pulsar el bot\u00f3n \u201cEntendido\u201d, est\u00e1 aceptando el uso de nuestras cookies. La p\u00e1gina web de INCOFIS utiliza Google Analytics, un servicio desarrollada por Google que permite la medici\u00f3n y an\u00e1lisis de la navegaci\u00f3n en las p\u00e1ginas web. En su navegador podr\u00e1 observar cookies de este servicio. Se trata de cookies propias, de sesi\u00f3n y [&hellip;]","og_url":"https:\/\/incofis.com\/en\/politica-de-cookies\/","og_site_name":"Incofis.com","article_modified_time":"2023-09-19T09:03:33+00:00","twitter_card":"summary_large_image","twitter_site":"@incofis","twitter_misc":{"Est. reading time":"1 minute"},"schema":{"@context":"https:\/\/schema.org","@graph":[{"@type":"WebPage","@id":"https:\/\/incofis.com\/en\/politica-de-cookies\/","url":"https:\/\/incofis.com\/en\/politica-de-cookies\/","name":"Cookie Policy - Incofis.com","isPartOf":{"@id":"https:\/\/incofis.com\/#website"},"datePublished":"2023-05-17T08:09:04+00:00","dateModified":"2023-09-19T09:03:33+00:00","breadcrumb":{"@id":"https:\/\/incofis.com\/en\/politica-de-cookies\/#breadcrumb"},"inLanguage":"en-US","potentialAction":[{"@type":"ReadAction","target":["https:\/\/incofis.com\/en\/politica-de-cookies\/"]}]},{"@type":"BreadcrumbList","@id":"https:\/\/incofis.com\/en\/politica-de-cookies\/#breadcrumb","itemListElement":[{"@type":"ListItem","position":1,"name":"Portada","item":"https:\/\/incofis.com\/en\/"},{"@type":"ListItem","position":2,"name":"Cookie Policy"}]},{"@type":"WebSite","@id":"https:\/\/incofis.com\/#website","url":"https:\/\/incofis.com\/","name":"Incofis.com","description":"","publisher":{"@id":"https:\/\/incofis.com\/#organization"},"potentialAction":[{"@type":"SearchAction","target":{"@type":"EntryPoint","urlTemplate":"https:\/\/incofis.com\/?s={search_term_string}"},"query-input":{"@type":"PropertyValueSpecification","valueRequired":true,"valueName":"search_term_string"}}],"inLanguage":"en-US"},{"@type":"Organization","@id":"https:\/\/incofis.com\/#organization","name":"Incofis","alternateName":"Incofis.com","url":"https:\/\/incofis.com\/","logo":{"@type":"ImageObject","inLanguage":"en-US","@id":"https:\/\/incofis.com\/#\/schema\/logo\/image\/","url":"https:\/\/incofis.com\/wp-content\/uploads\/2023\/07\/incofis.jpg","contentUrl":"https:\/\/incofis.com\/wp-content\/uploads\/2023\/07\/incofis.jpg","width":696,"height":696,"caption":"Incofis"},"image":{"@id":"https:\/\/incofis.com\/#\/schema\/logo\/image\/"},"sameAs":["https:\/\/x.com\/incofis","https:\/\/www.instagram.com\/incofis_spain\/","https:\/\/es.linkedin.com\/company\/incofis"]}]}},"_links":{"self":[{"href":"https:\/\/incofis.com\/en\/wp-json\/wp\/v2\/pages\/3024","targetHints":{"allow":["GET"]}}],"collection":[{"href":"https:\/\/incofis.com\/en\/wp-json\/wp\/v2\/pages"}],"about":[{"href":"https:\/\/incofis.com\/en\/wp-json\/wp\/v2\/types\/page"}],"author":[{"embeddable":true,"href":"https:\/\/incofis.com\/en\/wp-json\/wp\/v2\/users\/1"}],"replies":[{"embeddable":true,"href":"https:\/\/incofis.com\/en\/wp-json\/wp\/v2\/comments?post=3024"}],"version-history":[{"count":2,"href":"https:\/\/incofis.com\/en\/wp-json\/wp\/v2\/pages\/3024\/revisions"}],"predecessor-version":[{"id":3026,"href":"https:\/\/incofis.com\/en\/wp-json\/wp\/v2\/pages\/3024\/revisions\/3026"}],"wp:attachment":[{"href":"https:\/\/incofis.com\/en\/wp-json\/wp\/v2\/media?parent=3024"}],"curies":[{"name":"wp","href":"https:\/\/api.w.org\/{rel}","templated":true}]}}